{"id":1371,"date":"2012-09-27T15:26:25","date_gmt":"2012-09-27T13:26:25","guid":{"rendered":"http:\/\/jmrsoundlight.de\/index.php\/?page_id=1371"},"modified":"2021-03-08T21:25:58","modified_gmt":"2021-03-08T20:25:58","slug":"angebote-vermietung","status":"publish","type":"page","link":"https:\/\/jmrsoundlight.de\/index.php\/angebote-vermietung\/","title":{"rendered":"Angebote &#038; Vermietung"},"content":{"rendered":"<p><\/p>\n<p style=\"padding-left: 30px;\"><span style=\"color: #ffffff;\"><em><strong>Sie ben\u00f6tigen noch die passende Ton- und Lichtanlage f\u00fcr Ihre Geburtstagsparty?<\/strong><\/em><\/span><br \/>\n<span style=\"color: #ffffff;\"> <em> <strong> Sie sind auf der Suche nach einzelnem Equipment f\u00fcr Ihre Veranstaltung? \u00a0 \u00a0 \u00a0<\/strong><\/em><\/span><\/p>\n<p>J.M.R. Sound &amp; Light bietet Ihnen eine gro\u00dfe Auswahl von Artikeln aus dem Bereich der Veranstaltungstechnik zur Miete an. Starten Sie Ihre Anfrage unter<a title=\"Kontakt\" href=\"https:\/\/jmrsoundlight.de\/index.php\/?page_id=1170\"> Kontakt<\/a>. Wir beraten Sie gerne!<\/p>\n<p style=\"padding-left: 30px;\"><span style=\"color: #ffffff;\"><strong>Hier finden Sie eine \u00dcbersicht der zu vermietenden Technik:<\/strong><\/span><\/p>\n<p style=\"padding-left: 90px;\"><em>&#8211; Lautsprecher \/ Verst\u00e4rker<\/em><br \/>\n<em> &#8211; Equalizer \/ Aktivweichen<\/em><br \/>\n<em> &#8211; Mischpulte \/ Powermischer<\/em><br \/>\n<em> &#8211; Mikrofone \/ Hardware<\/em><br \/>\n<em> &#8211; Scheinwerfer PAR 64 \/ LED<\/em><br \/>\n<em> &#8211; Lichteffekte \/ Nebelmaschinen<\/em><br \/>\n<em> &#8211; Movinglights \/ Scanner<\/em><br \/>\n<em> &#8211; Lichtsteuerungen \/ Dimmerpacks<\/em><br \/>\n<em> &#8211; Showlaser \/ ILDA Zubeh\u00f6r<\/em><br \/>\n<em> &#8211; Traversen \/ Hardware<\/em><br \/>\n<em> &#8211; Stromverteiler \/ Kabel<\/em><\/p>\n<h3 style=\"padding-left: 30px;\"><span style=\"text-decoration: underline;\">Die 3 beliebtesten Angebote aus unserem Vermietpark:<\/span><\/h3>\n<p>&nbsp;<\/p>\n<h4 style=\"padding-left: 30px;\"><img loading=\"lazy\" decoding=\"async\" class=\"wp-image-2347 alignnone\" alt=\"Angebot1test2\" src=\"https:\/\/jmrsoundlight.de\/wp-content\/uploads\/2013\/03\/Angebot1test2-520x300.png\" width=\"520\" height=\"300\" \/><\/h4>\n<h4><\/h4>\n<p style=\"padding-left: 30px;\"><img loading=\"lazy\" decoding=\"async\" class=\"wp-image-2381 alignnone\" alt=\"Angebote_Paket2\" src=\"https:\/\/jmrsoundlight.de\/wp-content\/uploads\/2013\/03\/Angebote_Paket2-680x380.png\" width=\"520\" height=\"300\" \/><\/p>\n<p style=\"padding-left: 30px;\"><img loading=\"lazy\" decoding=\"async\" class=\"wp-image-2392 alignnone\" alt=\"Angebote_paket3\" src=\"https:\/\/jmrsoundlight.de\/wp-content\/uploads\/2013\/03\/Angebote_paket3-680x380.png\" width=\"520\" height=\"300\" \/><\/p>\n<p>* Die in angebenen Paketpreise beziehen sich auf eine Vermietdauer von 24 h bei Selbstabholung in Ebersburg-Schmalnau.<\/p>\n","protected":false},"excerpt":{"rendered":"<p>Sie ben\u00f6tigen noch die passende Ton- und Lichtanlage f\u00fcr Ihre Geburtstagsparty? Sie sind auf der Suche nach einzelnem Equipment f\u00fcr Ihre Veranstaltung? \u00a0 \u00a0 \u00a0 J.M.R. Sound &amp; Light bietet&#8230;<\/p>\n","protected":false},"author":1,"featured_media":0,"parent":0,"menu_order":0,"comment_status":"open","ping_status":"open","template":"","meta":{"footnotes":""},"class_list":["post-1371","page","type-page","status-publish","hentry"],"_links":{"self":[{"href":"https:\/\/jmrsoundlight.de\/index.php\/wp-json\/wp\/v2\/pages\/1371","targetHints":{"allow":["GET"]}}],"collection":[{"href":"https:\/\/jmrsoundlight.de\/index.php\/wp-json\/wp\/v2\/pages"}],"about":[{"href":"https:\/\/jmrsoundlight.de\/index.php\/wp-json\/wp\/v2\/types\/page"}],"author":[{"embeddable":true,"href":"https:\/\/jmrsoundlight.de\/index.php\/wp-json\/wp\/v2\/users\/1"}],"replies":[{"embeddable":true,"href":"https:\/\/jmrsoundlight.de\/index.php\/wp-json\/wp\/v2\/comments?post=1371"}],"version-history":[{"count":110,"href":"https:\/\/jmrsoundlight.de\/index.php\/wp-json\/wp\/v2\/pages\/1371\/revisions"}],"predecessor-version":[{"id":4509,"href":"https:\/\/jmrsoundlight.de\/index.php\/wp-json\/wp\/v2\/pages\/1371\/revisions\/4509"}],"wp:attachment":[{"href":"https:\/\/jmrsoundlight.de\/index.php\/wp-json\/wp\/v2\/media?parent=1371"}],"curies":[{"name":"wp","href":"https:\/\/api.w.org\/{rel}","templated":true}]}}