{"id":1059,"date":"2012-09-25T09:53:44","date_gmt":"2012-09-25T09:53:44","guid":{"rendered":"http:\/\/jmrsoundlight.de\/index.php\/?page_id=1059"},"modified":"2021-03-08T21:25:39","modified_gmt":"2021-03-08T20:25:39","slug":"fur-veranstalter","status":"publish","type":"page","link":"https:\/\/jmrsoundlight.de\/index.php\/fur-veranstalter\/","title":{"rendered":"F\u00fcr Veranstalter"},"content":{"rendered":"<p>Als Veranstalter finden Sie hier unser Logo in verschiedenen Ausf\u00fchrungen sowie einen Werbeflyer von J.M.R. Sound&amp;Light als Download. Alle Dateien sind im PDF Format gespeichert. Auf Anfrage senden wir Ihnen auch andere Formate per E-Mail zu. Bei weiteren Fragen k\u00f6nnen Sie uns gerne <a href=\"https:\/\/jmrsoundlight.de\/?page_id=1170\">kontaktieren<\/a> !<\/p>\n<p><span style=\"text-decoration: underline;\"><a href=\"https:\/\/jmrsoundlight.de\/wp-content\/uploads\/2012\/09\/Logo-sw.pdf\" target=\"_blank\">Logo SW Download<\/a><\/span><\/p>\n<p><a href=\"https:\/\/jmrsoundlight.de\/wp-content\/uploads\/2012\/09\/Logo-bunt.pdf\" target=\"_blank\"><span style=\"text-decoration: underline;\">Logo bunt Download<\/span><\/a><\/p>\n<p><img loading=\"lazy\" decoding=\"async\" class=\"alignleft wp-image-4166\" src=\"https:\/\/jmrsoundlight.de\/wp-content\/uploads\/2012\/09\/Logo_Bunt_2fach-1.jpg\" alt=\"logo_bunt_2fach\" width=\"660\" height=\"150\" srcset=\"https:\/\/jmrsoundlight.de\/wp-content\/uploads\/2012\/09\/Logo_Bunt_2fach-1.jpg 3720w, https:\/\/jmrsoundlight.de\/wp-content\/uploads\/2012\/09\/Logo_Bunt_2fach-1-768x174.jpg 768w\" sizes=\"auto, (max-width: 660px) 100vw, 660px\" \/><\/p>\n<p>&nbsp;<\/p>\n<p><a href=\"https:\/\/jmrsoundlight.de\/wp-content\/uploads\/2013\/03\/2012-10-17_JMR_Logo_mobileDisko.pdf\">Logo Disco Donwload<\/a><\/p>\n<p><img loading=\"lazy\" decoding=\"async\" src=\"https:\/\/jmrsoundlight.de\/wp-content\/uploads\/2013\/03\/2012-10-17_JMR_Logo_mobileDisko2.jpg\" alt=\"\" width=\"422\" height=\"169\" \/><\/p>\n<p>&nbsp;<\/p>\n<p>Mit der Zeit gehen: Bringen Sie unseren QR Code mit in Ihre Werbung ein und potentielle G\u00e4ste k\u00f6nnen sich mit nur einem Klick \u00fcber Ihre Veranstaltung informieren.<\/p>\n<p><span style=\"text-decoration: underline;\"><a href=\"https:\/\/jmrsoundlight.de\/wp-content\/uploads\/2013\/07\/QR-Code-JMR-SoundLight.pdf\">QR Code Donwload<\/a><\/span><\/p>\n<p><img loading=\"lazy\" decoding=\"async\" src=\"https:\/\/jmrsoundlight.de\/wp-content\/uploads\/2012\/09\/qrcode-1.png\" alt=\"\" width=\"200\" height=\"200\" \/><\/p>\n<p>&nbsp;<\/p>\n<p><span style=\"text-decoration: underline;\"><a href=\"https:\/\/jmrsoundlight.de\/wp-content\/uploads\/2012\/09\/2011-08-14_JMR-Flyer_DRUCK.pdf\" target=\"_blank\">Werbeflyer Download<\/a><\/span><br \/>\n<img loading=\"lazy\" decoding=\"async\" class=\"alignleft wp-image-4156\" src=\"https:\/\/jmrsoundlight.de\/wp-content\/uploads\/2012\/09\/Flyer.jpg\" alt=\"flyer\" width=\"360\" height=\"497\" \/><\/p>\n","protected":false},"excerpt":{"rendered":"<p>Als Veranstalter finden Sie hier unser Logo in verschiedenen Ausf\u00fchrungen sowie einen Werbeflyer von J.M.R. Sound&amp;Light als Download. Alle Dateien sind im PDF Format gespeichert. Auf Anfrage senden wir Ihnen&#8230;<\/p>\n","protected":false},"author":1,"featured_media":0,"parent":0,"menu_order":0,"comment_status":"closed","ping_status":"closed","template":"","meta":{"footnotes":""},"class_list":["post-1059","page","type-page","status-publish","hentry"],"_links":{"self":[{"href":"https:\/\/jmrsoundlight.de\/index.php\/wp-json\/wp\/v2\/pages\/1059","targetHints":{"allow":["GET"]}}],"collection":[{"href":"https:\/\/jmrsoundlight.de\/index.php\/wp-json\/wp\/v2\/pages"}],"about":[{"href":"https:\/\/jmrsoundlight.de\/index.php\/wp-json\/wp\/v2\/types\/page"}],"author":[{"embeddable":true,"href":"https:\/\/jmrsoundlight.de\/index.php\/wp-json\/wp\/v2\/users\/1"}],"replies":[{"embeddable":true,"href":"https:\/\/jmrsoundlight.de\/index.php\/wp-json\/wp\/v2\/comments?post=1059"}],"version-history":[{"count":117,"href":"https:\/\/jmrsoundlight.de\/index.php\/wp-json\/wp\/v2\/pages\/1059\/revisions"}],"predecessor-version":[{"id":4508,"href":"https:\/\/jmrsoundlight.de\/index.php\/wp-json\/wp\/v2\/pages\/1059\/revisions\/4508"}],"wp:attachment":[{"href":"https:\/\/jmrsoundlight.de\/index.php\/wp-json\/wp\/v2\/media?parent=1059"}],"curies":[{"name":"wp","href":"https:\/\/api.w.org\/{rel}","templated":true}]}}