{"id":1047,"date":"2012-09-25T09:44:53","date_gmt":"2012-09-25T09:44:53","guid":{"rendered":"http:\/\/jmrsoundlight.de\/index.php\/?page_id=1047"},"modified":"2021-03-08T21:28:27","modified_gmt":"2021-03-08T20:28:27","slug":"showlaser","status":"publish","type":"page","link":"https:\/\/jmrsoundlight.de\/index.php\/showlaser\/","title":{"rendered":"Showlaser"},"content":{"rendered":"<p>&nbsp;<\/p>\n<h4><\/h4>\n<h5 style=\"padding-left: 30px; text-align: left;\"><span style=\"color: #ffffff;\"><em>&#8220; Kaum ein <\/em><em>anderes<\/em><em> Medium begeistert das Publikum mehr, als eine professionelle Lasershow. &#8222;<\/em><\/span><\/h5>\n<p>Das Anwendungsgebiet von Showlasern erstreckt sich \u00a0dabei von Eins\u00e4tzen in der Pr\u00e4sentationstechnik \u00a0(Darstellung von Firmenlogos oder Schriftz\u00fcgen) bis hin zu Show-Effekten bei Discoveranstaltungen oder Konzerten. J.M.R. Sound &amp; Light arbeitet mit Lasern von Laserworld, die ein hervorragendes Preis-\/Leistungsverh\u00e4ltnis bieten. Die Anlage besteht aus zwei Gr\u00fcnlicht-Satelliten mit einer Leistung von 300 mW sowie einem R-G-B Hauptprojektor mit einer Leistung von 1500 mW. Bei Bedarf k\u00f6nnen weitere Satelliten sowie R-G-B Projektoren mit einer Leistung von bis zu 10 Watt in die Anlage integriert werden. F\u00fcr eine deutliche Darstellung der Lasershow wird die Anlage in Verbindung mit einem Antari Hazer betrieben. Die Steuerung erfolgt dabei \u00fcber die Software Pangolin Quickshow 2.0, welche eine optimale Live-Steuerung bietet sowie das Programmieren von musiksynchronen Shows erm\u00f6glicht. Um Ihnen einen sicheren Umgang mit Showlasern gew\u00e4hrleisten zu k\u00f6nnen, nimmt die Anlage ein geschulter Techniker von J.M.R. Sound &amp; Light in Betrieb und betreibt diese w\u00e4hrend der Veranstaltung.<\/p>\n<p><a href=\"https:\/\/jmrsoundlight.de\/wp-content\/uploads\/2013\/03\/pangolinquickshow.jpg\" class=\"pretty_image\" data-rel=\"prettyPhoto[1047]\"><img loading=\"lazy\" decoding=\"async\" class=\"size-full wp-image-2274  alignleft\" style=\"border: 0px; margin: 0px;\" alt=\"Pangolin Quickshow - Die Steuersoftware\" src=\"https:\/\/jmrsoundlight.de\/wp-content\/uploads\/2013\/03\/pangolinquickshow_klein.jpg\" width=\"267\" height=\"150\" \/><\/a><\/p>\n<p><a href=\"https:\/\/jmrsoundlight.de\/wp-content\/uploads\/2013\/03\/Urkunde.jpg\" class=\"pretty_image\" data-rel=\"prettyPhoto[1047]\"><img loading=\"lazy\" decoding=\"async\" style=\"margin-left: 25px; margin-right: 25px;\" alt=\"Schulung zum Laserschutzbeauftragter\" src=\"https:\/\/jmrsoundlight.de\/wp-content\/uploads\/2013\/03\/Urkunde_klein.jpg\" width=\"103\" height=\"150\" \/><\/a><a href=\"https:\/\/jmrsoundlight.de\/wp-content\/uploads\/2013\/03\/laser_im_Einsatz.jpg\" class=\"pretty_image\" data-rel=\"prettyPhoto[1047]\"><img loading=\"lazy\" decoding=\"async\" alt=\"Laser im Einsatz\" src=\"https:\/\/jmrsoundlight.de\/wp-content\/uploads\/2013\/03\/laser_im_Einsatz_klein.jpg\" width=\"226\" height=\"150\" \/><\/a><\/p>\n","protected":false},"excerpt":{"rendered":"<p>&nbsp; &#8220; Kaum ein anderes Medium begeistert das Publikum mehr, als eine professionelle Lasershow. &#8222; Das Anwendungsgebiet von Showlasern erstreckt sich \u00a0dabei von Eins\u00e4tzen in der Pr\u00e4sentationstechnik \u00a0(Darstellung von Firmenlogos&#8230;<\/p>\n","protected":false},"author":1,"featured_media":0,"parent":0,"menu_order":0,"comment_status":"closed","ping_status":"closed","template":"","meta":{"footnotes":""},"class_list":["post-1047","page","type-page","status-publish","hentry"],"_links":{"self":[{"href":"https:\/\/jmrsoundlight.de\/index.php\/wp-json\/wp\/v2\/pages\/1047","targetHints":{"allow":["GET"]}}],"collection":[{"href":"https:\/\/jmrsoundlight.de\/index.php\/wp-json\/wp\/v2\/pages"}],"about":[{"href":"https:\/\/jmrsoundlight.de\/index.php\/wp-json\/wp\/v2\/types\/page"}],"author":[{"embeddable":true,"href":"https:\/\/jmrsoundlight.de\/index.php\/wp-json\/wp\/v2\/users\/1"}],"replies":[{"embeddable":true,"href":"https:\/\/jmrsoundlight.de\/index.php\/wp-json\/wp\/v2\/comments?post=1047"}],"version-history":[{"count":91,"href":"https:\/\/jmrsoundlight.de\/index.php\/wp-json\/wp\/v2\/pages\/1047\/revisions"}],"predecessor-version":[{"id":4516,"href":"https:\/\/jmrsoundlight.de\/index.php\/wp-json\/wp\/v2\/pages\/1047\/revisions\/4516"}],"wp:attachment":[{"href":"https:\/\/jmrsoundlight.de\/index.php\/wp-json\/wp\/v2\/media?parent=1047"}],"curies":[{"name":"wp","href":"https:\/\/api.w.org\/{rel}","templated":true}]}}