{"id":1041,"date":"2012-09-25T09:42:43","date_gmt":"2012-09-25T09:42:43","guid":{"rendered":"http:\/\/jmrsoundlight.de\/index.php\/?page_id=1041"},"modified":"2023-06-07T22:55:04","modified_gmt":"2023-06-07T20:55:04","slug":"tontechnik-2","status":"publish","type":"page","link":"https:\/\/jmrsoundlight.de\/index.php\/tontechnik-2\/","title":{"rendered":"Tontechnik"},"content":{"rendered":"<p>&nbsp;<\/p>\n<h5 style=\"text-align: center;\">Was n\u00fctzt Ihnen die beste Live-Performance auf der B\u00fchne, der groovige Mix des Discjockeys oder die charmanteste Moderation, wenn Ihr Publikum nicht alles mitbekommt ?<\/h5>\n<p>Richtig! Nicht viel! Mit J.M.R. Sound &amp; Light Veranstaltungstechnik&nbsp;als Partner brauchen Sie sich dar\u00fcber keine Gedanken zu machen. Mit professioneller Tontechnik, musikalischer Techniker und auf die \u00f6rtlichen&nbsp;Bedingungen perfekt angepasster Beschallungskonzepte erreicht der B\u00fchnensound klangtreu, durchsetzungsstark und mit einer der Veranstaltung angepassten Lautst\u00e4rke Ihr Publikum. Auch hier reicht das Angebot von der Vermietung kleiner Tonanlagen f\u00fcr Ihre Gartenparty, \u00fcber die technische Betreuung von Theater- und Fastnachtsveranstaltungen bis hin zur Konzertbeschallung&nbsp;bei&nbsp;Live- und Discoevents.<\/p>\n<p>J.M.R. Sound &amp; Light arbeitet mit folgendem Equipment:<\/p>\n<ul>\n<ul>\n<li><span style=\"line-height: 13px;\"><span style=\"color: rgb(255, 255, 255);\">Lautsprechersysteme:<\/span> Seeburg Acoustic Line K-Serie, I.Nova 380 S\u00e4ulensystem, etc.<\/span><\/li>\n<li><span style=\"color: rgb(255, 255, 255);\">Lautsprecher:<\/span> Seeburg K24 Hochleistungstopteil (2&#215;12&#8243;\/1,4&#8243;\/900W), PL-Audio F12 (12&#8243;\/1,4&#8243;\/600W), Nova IN8 S\u00e4ulen-Array (8&#215;3,5&#8243;\/1xRibbon\/450W), Dynacord D8 (8&#8243;\/1&#8243;\/250W), LD Stinger 10A G3 (10&#8243;\/1&#8243;\/300W\/aktiv), T.Box PA 302 (12&#8243;\/1&#8243;\/300W)<\/li\n \t\n\n<li><span style=\"color: rgb(255, 255, 255);\">Subwoofer:<\/span> Seeburg K1801 Sub (1&#215;18&#8243;\/1500W), Nova IN&nbsp;315 Sub (15&#8243;\/1000W), T.Box CL118 (1&#215;18&#8243;\/350W)<\/li>\n<li><span style=\"color: rgb(255, 255, 255);\">Verst\u00e4rker:<\/span> Seeburg S10 (4 x 2400W \/ 4 Ohm), PKNC XE-6000 (2 x 3650W \/ 4 Ohm), Dynacord LX 1600 (2 x 800W \/ 4 Ohm), PSE SM 700 (2 x 350W \/ 4 Ohm)<\/li>\n<li><span style=\"color: rgb(255, 255, 255);\">Managementsysteme:<\/span> Seeburg DSP 2.6 Systemcontroller, Behringer DCX2496, DBX Frequenzweichen, etc.<\/li>\n<li><span style=\"color: rgb(255, 255, 255);\">Mischpulte:<\/span> Soundcraft Expression 1 Digitalmischpult inkl. Stagebox \/ Analogmischpulte bis 32 Kanal, Kleinstmixer, etc.<\/li>\n<li><span style=\"color: rgb(255, 255, 255);\">Mikrofonie:<\/span> Shure \/ Sennheiser, H\u00e4ngemikros Beyerdynamic <\/li>\n<li><span style=\"color: rgb(255, 255, 255);\">Funksysteme:<\/span> Sennheiser EW-D, LD-Systems U508, Line6 XD-V75, Richtantennen, Antennesplitter <\/li>\n<li><span style=\"color: rgb(255, 255, 255);\">Zubeh\u00f6r:<\/span> Effektger\u00e4te, Equalizer, Zuspieler von Yamaha, Multicore, Auidotools, Stative, etc.<\/li>\n<li><span style=\"color: rgb(255, 255, 255);\">uvm.<\/span><\/li>\n<\/ul>\n<\/ul>\n<p><a href=\"https:\/\/jmrsoundlight.de\/wp-content\/uploads\/2012\/09\/K-Sub-1801_2_mit-K24.jpg\" class=\"pretty_image\" data-rel=\"prettyPhoto[1041]\"><img loading=\"lazy\" decoding=\"async\" width=\"108\" height=\"150\" class=\" wp-image-3660 alignnone\" style=\"margin-right: 10px; margin-left: 10px;\" alt=\"Soundsystem: Seeburg Acoustic Line K24 \/ K1801\" src=\"https:\/\/jmrsoundlight.de\/wp-content\/uploads\/2012\/09\/K-Sub-1801_2_mit-K24.jpg\"><\/a><a href=\"https:\/\/jmrsoundlight.de\/wp-content\/uploads\/2012\/09\/Livepult.jpg\" class=\"pretty_image\" data-rel=\"prettyPhoto[1041]\"><img loading=\"lazy\" decoding=\"async\" width=\"250\" height=\"140\" class=\" wp-image-3661 alignnone\" style=\"border: 5px solid white; margin-right: 10px; margin-left: 10px;\" alt=\"Live-Mischpult im Einsatz \" src=\"https:\/\/jmrsoundlight.de\/wp-content\/uploads\/2012\/09\/Livepult.jpg\"><\/a><a href=\"https:\/\/jmrsoundlight.de\/wp-content\/uploads\/2023\/06\/INOVA-315-PIC01.jpg\" class=\"pretty_image\" data-rel=\"prettyPhoto[1041]\"><img loading=\"lazy\" decoding=\"async\" width=\"150\" height=\"140\" class=\" wp-image-3665 alignnone\" style=\"border: 5px solid white; margin-right: 10px; margin-left: 10px;\" alt=\"I.Nova Soundsystem f\u00fcr Sprach- und Galaveranstaltungen \" src=\"https:\/\/jmrsoundlight.de\/wp-content\/uploads\/2023\/06\/INOVA-315-PIC01.jpg\"><\/a><a href=\"https:\/\/jmrsoundlight.de\/wp-content\/uploads\/2023\/06\/Sennheiser-EW-D-935.jpg\" class=\"pretty_image\" data-rel=\"prettyPhoto[1041]\"><img loading=\"lazy\" decoding=\"async\" width=\"60\" height=\"140\" class=\" wp-image-3662 alignnone\" style=\"border: 5px solid white; margin-right: 10px; margin-left: 10px;\" alt=\"Neuste Funktechnik: Sennheiser EW-D Serie\" src=\"https:\/\/jmrsoundlight.de\/wp-content\/uploads\/2023\/06\/Sennheiser-EW-D-935.jpg\"><\/a><\/p>\n","protected":false},"excerpt":{"rendered":"<p>&nbsp; Was n\u00fctzt Ihnen die beste Live-Performance auf der B\u00fchne, der groovige Mix des Discjockeys oder die charmanteste Moderation, wenn Ihr Publikum nicht alles mitbekommt ? Richtig! Nicht viel! Mit&#8230;<\/p>\n","protected":false},"author":1,"featured_media":0,"parent":0,"menu_order":0,"comment_status":"closed","ping_status":"closed","template":"","meta":{"footnotes":""},"class_list":["post-1041","page","type-page","status-publish","hentry"],"_links":{"self":[{"href":"https:\/\/jmrsoundlight.de\/index.php\/wp-json\/wp\/v2\/pages\/1041","targetHints":{"allow":["GET"]}}],"collection":[{"href":"https:\/\/jmrsoundlight.de\/index.php\/wp-json\/wp\/v2\/pages"}],"about":[{"href":"https:\/\/jmrsoundlight.de\/index.php\/wp-json\/wp\/v2\/types\/page"}],"author":[{"embeddable":true,"href":"https:\/\/jmrsoundlight.de\/index.php\/wp-json\/wp\/v2\/users\/1"}],"replies":[{"embeddable":true,"href":"https:\/\/jmrsoundlight.de\/index.php\/wp-json\/wp\/v2\/comments?post=1041"}],"version-history":[{"count":71,"href":"https:\/\/jmrsoundlight.de\/index.php\/wp-json\/wp\/v2\/pages\/1041\/revisions"}],"predecessor-version":[{"id":4671,"href":"https:\/\/jmrsoundlight.de\/index.php\/wp-json\/wp\/v2\/pages\/1041\/revisions\/4671"}],"wp:attachment":[{"href":"https:\/\/jmrsoundlight.de\/index.php\/wp-json\/wp\/v2\/media?parent=1041"}],"curies":[{"name":"wp","href":"https:\/\/api.w.org\/{rel}","templated":true}]}}